{"id":12085,"date":"2024-08-19T11:27:01","date_gmt":"2024-08-19T08:27:01","guid":{"rendered":"https:\/\/yated.org.tr\/dernek-tahtasi\/"},"modified":"2024-10-02T10:54:48","modified_gmt":"2024-10-02T07:54:48","slug":"association-board","status":"publish","type":"page","link":"https:\/\/yated.org.tr\/en\/membership\/association-board\/","title":{"rendered":"Association Board"},"content":{"rendered":"\t\t<div data-elementor-type=\"wp-page\" data-elementor-id=\"12085\" class=\"elementor elementor-12085 elementor-10045\" data-elementor-post-type=\"page\">\n\t\t\t\t<div class=\"elementor-element elementor-element-70f819a e-con-full e-flex e-con e-parent\" data-id=\"70f819a\" data-element_type=\"container\" data-e-type=\"container\" data-settings=\"{&quot;background_background&quot;:&quot;classic&quot;,&quot;shape_divider_bottom&quot;:&quot;tilt&quot;}\">\n\t\t\t\t<div class=\"elementor-shape elementor-shape-bottom\" aria-hidden=\"true\" data-negative=\"false\">\n\t\t\t<svg xmlns=\"http:\/\/www.w3.org\/2000\/svg\" viewBox=\"0 0 1000 100\" preserveAspectRatio=\"none\">\n\t<path class=\"elementor-shape-fill\" d=\"M0,6V0h1000v100L0,6z\"\/>\n<\/svg>\t\t<\/div>\n\t\t\t\t<\/div>\n\t\t<div class=\"elementor-element elementor-element-fbd65d2 e-con-full e-flex e-con e-parent\" data-id=\"fbd65d2\" data-element_type=\"container\" data-e-type=\"container\">\n\t\t\t\t<div class=\"elementor-element elementor-element-0af3596 elementor-widget elementor-widget-spacer\" data-id=\"0af3596\" data-element_type=\"widget\" data-e-type=\"widget\" data-widget_type=\"spacer.default\">\n\t\t\t\t<div class=\"elementor-widget-container\">\n\t\t\t\t\t\t\t<div class=\"elementor-spacer\">\n\t\t\t<div class=\"elementor-spacer-inner\"><\/div>\n\t\t<\/div>\n\t\t\t\t\t\t<\/div>\n\t\t\t\t<\/div>\n\t\t\t\t<\/div>\n\t\t<div class=\"elementor-element elementor-element-5a52a68 e-con-full e-flex e-con e-parent\" data-id=\"5a52a68\" data-element_type=\"container\" data-e-type=\"container\">\n\t\t\t\t<div class=\"elementor-element elementor-element-e52f72f elementor-widget__width-inherit elementor-widget elementor-widget-heading\" data-id=\"e52f72f\" data-element_type=\"widget\" data-e-type=\"widget\" data-widget_type=\"heading.default\">\n\t\t\t\t<div class=\"elementor-widget-container\">\n\t\t\t\t\t<h2 class=\"elementor-heading-title elementor-size-default\">Association Board<\/h2>\t\t\t\t<\/div>\n\t\t\t\t<\/div>\n\t\t\t\t<\/div>\n\t\t<div class=\"elementor-element elementor-element-18f8c1a e-con-full e-flex e-con e-parent\" data-id=\"18f8c1a\" data-element_type=\"container\" data-e-type=\"container\">\n\t\t\t\t<div class=\"elementor-element elementor-element-914d5e9 elementor-widget elementor-widget-spacer\" data-id=\"914d5e9\" data-element_type=\"widget\" data-e-type=\"widget\" data-widget_type=\"spacer.default\">\n\t\t\t\t<div class=\"elementor-widget-container\">\n\t\t\t\t\t\t\t<div class=\"elementor-spacer\">\n\t\t\t<div class=\"elementor-spacer-inner\"><\/div>\n\t\t<\/div>\n\t\t\t\t\t\t<\/div>\n\t\t\t\t<\/div>\n\t\t\t\t<\/div>\n\t\t<div class=\"elementor-element elementor-element-f0b9fdf e-con-full e-flex e-con e-parent\" data-id=\"f0b9fdf\" data-element_type=\"container\" data-e-type=\"container\">\n\t\t\t\t<\/div>\n\t\t<div class=\"elementor-element elementor-element-0000e3d e-flex e-con-boxed e-con e-parent\" data-id=\"0000e3d\" data-element_type=\"container\" data-e-type=\"container\">\n\t\t\t\t\t<div class=\"e-con-inner\">\n\t\t\t\t<div class=\"elementor-element elementor-element-af01332 elementor-widget elementor-widget-spacer\" data-id=\"af01332\" data-element_type=\"widget\" data-e-type=\"widget\" data-widget_type=\"spacer.default\">\n\t\t\t\t<div class=\"elementor-widget-container\">\n\t\t\t\t\t\t\t<div class=\"elementor-spacer\">\n\t\t\t<div class=\"elementor-spacer-inner\"><\/div>\n\t\t<\/div>\n\t\t\t\t\t\t<\/div>\n\t\t\t\t<\/div>\n\t\t\t\t\t<\/div>\n\t\t\t\t<\/div>\n\t\t\t\t<\/div>\n\t\t","protected":false},"excerpt":{"rendered":"<p>Association Board RSCAN YAT\u00c7ILIK SANAY\u0130 VE T\u0130CARET L\u0130M\u0130TED \u015e\u0130RKET\u0130 Faaliyet Konusu: Motorlu, motorsuz yelkenlilerin, motorlu tekne ve yatlar\u0131n, kay\u0131klar\u0131n, kanolar\u0131n, e\u011flence ama\u00e7l\u0131 hover kraftlar\u0131n ve benzer ara\u00e7lar\u0131n imalat\u0131 (polyester tekneler dahil) Web Adresi: www.rscanyachts.com EmailAdresi:gozde-karadeniz@hotmail.com<\/p>\n","protected":false},"author":1,"featured_media":0,"parent":12111,"menu_order":0,"comment_status":"closed","ping_status":"closed","template":"elementor_header_footer","meta":{"footnotes":""},"class_list":["post-12085","page","type-page","status-publish","hentry"],"_links":{"self":[{"href":"https:\/\/yated.org.tr\/en\/wp-json\/wp\/v2\/pages\/12085","targetHints":{"allow":["GET"]}}],"collection":[{"href":"https:\/\/yated.org.tr\/en\/wp-json\/wp\/v2\/pages"}],"about":[{"href":"https:\/\/yated.org.tr\/en\/wp-json\/wp\/v2\/types\/page"}],"author":[{"embeddable":true,"href":"https:\/\/yated.org.tr\/en\/wp-json\/wp\/v2\/users\/1"}],"replies":[{"embeddable":true,"href":"https:\/\/yated.org.tr\/en\/wp-json\/wp\/v2\/comments?post=12085"}],"version-history":[{"count":4,"href":"https:\/\/yated.org.tr\/en\/wp-json\/wp\/v2\/pages\/12085\/revisions"}],"predecessor-version":[{"id":12270,"href":"https:\/\/yated.org.tr\/en\/wp-json\/wp\/v2\/pages\/12085\/revisions\/12270"}],"up":[{"embeddable":true,"href":"https:\/\/yated.org.tr\/en\/wp-json\/wp\/v2\/pages\/12111"}],"wp:attachment":[{"href":"https:\/\/yated.org.tr\/en\/wp-json\/wp\/v2\/media?parent=12085"}],"curies":[{"name":"wp","href":"https:\/\/api.w.org\/{rel}","templated":true}]}}