{"id":13558,"date":"2024-11-19T11:50:34","date_gmt":"2024-11-19T08:50:34","guid":{"rendered":"https:\/\/yated.org.tr\/?page_id=13558"},"modified":"2024-11-19T11:54:49","modified_gmt":"2024-11-19T08:54:49","slug":"personal-company-membership-application-form","status":"publish","type":"page","link":"https:\/\/yated.org.tr\/en\/membership\/personal-company-membership-application-form\/","title":{"rendered":"Personal Company Members Application Form"},"content":{"rendered":"\t\t<div data-elementor-type=\"wp-page\" data-elementor-id=\"13558\" class=\"elementor elementor-13558 elementor-13557\" data-elementor-post-type=\"page\">\n\t\t\t\t<div class=\"elementor-element elementor-element-64b101c e-con-full e-flex e-con e-parent\" data-id=\"64b101c\" data-element_type=\"container\" data-e-type=\"container\">\n\t\t\t\t<div class=\"elementor-element elementor-element-4d757dc elementor-widget__width-initial elementor-widget elementor-widget-shortcode\" data-id=\"4d757dc\" data-element_type=\"widget\" data-e-type=\"widget\" data-widget_type=\"shortcode.default\">\n\t\t\t\t<div class=\"elementor-widget-container\">\n\t\t\t\t\t\t\t<div class=\"elementor-shortcode\"> <iframe id=\"JotFormIFrame-243222277541957\" title=\"\u015eAHIS \u015e\u0130RKET\u0130 \u00dcYEL\u0130K BA\u015eVURU FORMU\" onload=\"window.parent.scrollTo(0,0)\" allowtransparency=\"true\" allow=\"geolocation; microphone; camera; fullscreen\" src=\"https:\/\/form.jotform.com\/243222277541957\" frameborder=\"0\" style=\"min-width:100%;max-width:100%;height:539px;border:none;\" scrolling=\"no\" > <\/iframe> <script src='https:\/\/cdn.jotfor.ms\/s\/umd\/latest\/for-form-embed-handler.js'><\/script> <script>window.jotformEmbedHandler(\"iframe[id='JotFormIFrame-243222277541957']\", \"https:\/\/form.jotform.com\/\")<\/script> <\/div>\n\t\t\t\t\t\t<\/div>\n\t\t\t\t<\/div>\n\t\t\t\t<\/div>\n\t\t\t\t<\/div>\n\t\t","protected":false},"excerpt":{"rendered":"","protected":false},"author":1,"featured_media":11985,"parent":12111,"menu_order":0,"comment_status":"closed","ping_status":"closed","template":"template-fullwidth.php","meta":{"footnotes":""},"class_list":["post-13558","page","type-page","status-publish","has-post-thumbnail","hentry"],"_links":{"self":[{"href":"https:\/\/yated.org.tr\/en\/wp-json\/wp\/v2\/pages\/13558","targetHints":{"allow":["GET"]}}],"collection":[{"href":"https:\/\/yated.org.tr\/en\/wp-json\/wp\/v2\/pages"}],"about":[{"href":"https:\/\/yated.org.tr\/en\/wp-json\/wp\/v2\/types\/page"}],"author":[{"embeddable":true,"href":"https:\/\/yated.org.tr\/en\/wp-json\/wp\/v2\/users\/1"}],"replies":[{"embeddable":true,"href":"https:\/\/yated.org.tr\/en\/wp-json\/wp\/v2\/comments?post=13558"}],"version-history":[{"count":5,"href":"https:\/\/yated.org.tr\/en\/wp-json\/wp\/v2\/pages\/13558\/revisions"}],"predecessor-version":[{"id":13575,"href":"https:\/\/yated.org.tr\/en\/wp-json\/wp\/v2\/pages\/13558\/revisions\/13575"}],"up":[{"embeddable":true,"href":"https:\/\/yated.org.tr\/en\/wp-json\/wp\/v2\/pages\/12111"}],"wp:featuredmedia":[{"embeddable":true,"href":"https:\/\/yated.org.tr\/en\/wp-json\/wp\/v2\/media\/11985"}],"wp:attachment":[{"href":"https:\/\/yated.org.tr\/en\/wp-json\/wp\/v2\/media?parent=13558"}],"curies":[{"name":"wp","href":"https:\/\/api.w.org\/{rel}","templated":true}]}}